{"id":28,"date":"2022-09-27T13:46:34","date_gmt":"2022-09-27T10:46:34","guid":{"rendered":"https:\/\/www.argaz.com\/eng\/?page_id=28"},"modified":"2022-11-19T17:04:06","modified_gmt":"2022-11-19T14:04:06","slug":"contacts","status":"publish","type":"page","link":"https:\/\/www.argaz.com\/eng\/?page_id=28","title":{"rendered":"Contacts"},"content":{"rendered":"\n  <div id=\"page-header-222061908\" class=\"page-header-wrapper\">\n  <div class=\"page-title dark featured-title\">\n\n        <div class=\"page-title-bg\">\n      <div class=\"title-bg fill bg-fill\"\n        data-parallax-container=\".page-title\"\n        data-parallax-background\n        data-parallax=\"-\">\n      <\/div>\n      <div class=\"title-overlay fill\"><\/div>\n    <\/div>\n    \n    <div class=\"page-title-inner container align-bottom flex-row medium-flex-wrap\" >\n              <div class=\"title-wrapper uppercase is-larger flex-col text-left medium-text-center\">\n          <h1 class=\"entry-title mb-0\">\n            Contacts          <\/h1>\n        <\/div>\n                    <div class=\"title-content flex-col flex-right text-right medium-text-center\">\n        <div class=\"title-breadcrumbs pb-half pt-half\"><\/div>      <\/div>\n    <\/div>\n\n     \n<style>\n#page-header-222061908 .page-title-inner {\n  min-height: 200px;\n}\n#page-header-222061908 .title-bg {\n  background-image: url(https:\/\/www.argaz.com\/eng\/wp-content\/uploads\/2022\/09\/Artboard-16.jpg);\n}\n#page-header-222061908 .title-overlay {\n  background-color: rgba(24, 48, 126, 0.791);\n}\n#page-header-222061908 .featured-title {\n  background-color: rgba(0, 0, 0, 0);\n}\n<\/style>\n  <\/div>\n    <\/div>\n  \n\n<div class=\"row\"  id=\"row-514123873\">\n\n\n\t<div id=\"col-506109091\" class=\"col small-12 large-12\"  >\n\t\t\t\t<div class=\"col-inner\"  >\n\t\t\t\n\t\t\t\n\n<div class=\"row\"  id=\"row-301081692\">\n\n\n\t<div id=\"col-1217739635\" class=\"col medium-6 small-12 large-6\"  >\n\t\t\t\t<div class=\"col-inner\"  >\n\t\t\t\n\t\t\t\n\n<p><b>Head Office<br \/><\/b>Maslak mh. Eski B\u00fcy\u00fckdere cd. Giz 2000 plaza kat:9 d:35 Sar\u0131yer-\u0130stanbul<br \/>Phone: 0212 221 33 11<br \/>Phone: 0212 221 33 12<br \/>Fax: 0212 210 81 15<br \/>Fax: 0212 221 33 30<\/p>\n\n\t\t<\/div>\n\t\t\t\t\t<\/div>\n\n\t\n\n\t<div id=\"col-729487658\" class=\"col medium-6 small-12 large-6\"  >\n\t\t\t\t<div class=\"col-inner\"  >\n\t\t\t\n\t\t\t\n\n<p><strong>Office<\/strong><br \/>Yeni\u015fehir mh.konak sitesi no:11 merkez -Mardin <br \/>Phone- fax: 0482 212 51 15<\/p>\n\n\t\t<\/div>\n\t\t\t\t\t<\/div>\n\n\t\n\n<\/div>\n\n\t\t<\/div>\n\t\t\t\t\n<style>\n#col-506109091 > .col-inner {\n  margin: 20px 0px 20px 0px;\n}\n<\/style>\n\t<\/div>\n\n\t\n\n<\/div>\n<div class=\"row\"  id=\"row-1153547725\">\n\n\n\t<div id=\"col-229860563\" class=\"col small-12 large-12\"  >\n\t\t\t\t<div class=\"col-inner\"  >\n\t\t\t\n\t\t\t\n\n<div class=\"row\"  id=\"row-1586251696\">\n\n\n\t<div id=\"col-177475291\" class=\"col medium-6 small-12 large-6\"  >\n\t\t\t\t<div class=\"col-inner\"  >\n\t\t\t\n\t\t\t\n\n<p><strong>Argaz Inc. Marmara Ereglisi Filling Facility<\/strong><br \/>Sultank\u00f6y mah.ek\u015fi elma cad.no:33 marmara ere\u011flisi Tekirda\u011f<br \/>Phone: 0282 633 65 65-44<br \/>Fax: 0282 633 7575<\/p>\n\n\t\t<\/div>\n\t\t\t\t\t<\/div>\n\n\t\n\n\t<div id=\"col-1900329879\" class=\"col medium-6 small-12 large-6\"  >\n\t\t\t\t<div class=\"col-inner\"  >\n\t\t\t\n\t\t\t\n\n<p><strong>Argaz A.\u015e. Batman Filling Facility<br \/><\/strong>Siirt Yolu \u00fczeri 8.Km BATMAN<br \/>Phone: 0488 214 60 02<br \/>Fax: 0488 214 60 19<\/p>\n\n\t\t<\/div>\n\t\t\t\t\t<\/div>\n\n\t\n\n<\/div>\n\n\t\t<\/div>\n\t\t\t\t\n<style>\n#col-229860563 > .col-inner {\n  margin: 20px 0px 20px 0px;\n}\n<\/style>\n\t<\/div>\n\n\t\n\n<\/div>\n<div class=\"row\"  id=\"row-1394698213\">\n\n\n\t<div id=\"col-1107723393\" class=\"col small-12 large-12\"  >\n\t\t\t\t<div class=\"col-inner\"  >\n\t\t\t\n\t\t\t\n\n<div class=\"row\"  id=\"row-1896470759\">\n\n\n\t<div id=\"col-1576827183\" class=\"col medium-6 small-12 large-6\"  >\n\t\t\t\t<div class=\"col-inner\"  >\n\t\t\t\n\t\t\t\n\n<p><strong>Argaz A.\u015e. Osmaniye Filling Facility<br \/><\/strong>T\u00fcrkmen Beldesi, Cumhuriyet Mahallesi Su Batagi K\u00fcme evler\u00a0 No: 2 Toprakkale\/ Osmaniye<br \/>Phone: 0328 626 86 10<\/p>\n\n\t\t<\/div>\n\t\t\t\t\t<\/div>\n\n\t\n\n\t<div id=\"col-471578079\" class=\"col medium-6 small-12 large-6\"  >\n\t\t\t\t<div class=\"col-inner\"  >\n\t\t\t\n\t\t\t\n\n\n\t\t<\/div>\n\t\t\t\t\t<\/div>\n\n\t\n\n<\/div>\n\n\t\t<\/div>\n\t\t\t\t\n<style>\n#col-1107723393 > .col-inner {\n  margin: 20px 0px 20px 0px;\n}\n<\/style>\n\t<\/div>\n\n\t\n\n<\/div>\n\n","protected":false},"excerpt":{"rendered":"","protected":false},"author":1,"featured_media":0,"parent":0,"menu_order":0,"comment_status":"closed","ping_status":"closed","template":"page-blank.php","meta":{"footnotes":""},"class_list":["post-28","page","type-page","status-publish","hentry"],"_links":{"self":[{"href":"https:\/\/www.argaz.com\/eng\/index.php?rest_route=\/wp\/v2\/pages\/28","targetHints":{"allow":["GET"]}}],"collection":[{"href":"https:\/\/www.argaz.com\/eng\/index.php?rest_route=\/wp\/v2\/pages"}],"about":[{"href":"https:\/\/www.argaz.com\/eng\/index.php?rest_route=\/wp\/v2\/types\/page"}],"author":[{"embeddable":true,"href":"https:\/\/www.argaz.com\/eng\/index.php?rest_route=\/wp\/v2\/users\/1"}],"replies":[{"embeddable":true,"href":"https:\/\/www.argaz.com\/eng\/index.php?rest_route=%2Fwp%2Fv2%2Fcomments&post=28"}],"version-history":[{"count":7,"href":"https:\/\/www.argaz.com\/eng\/index.php?rest_route=\/wp\/v2\/pages\/28\/revisions"}],"predecessor-version":[{"id":200,"href":"https:\/\/www.argaz.com\/eng\/index.php?rest_route=\/wp\/v2\/pages\/28\/revisions\/200"}],"wp:attachment":[{"href":"https:\/\/www.argaz.com\/eng\/index.php?rest_route=%2Fwp%2Fv2%2Fmedia&parent=28"}],"curies":[{"name":"wp","href":"https:\/\/api.w.org\/{rel}","templated":true}]}}